{"id":9,"date":"2016-07-26T09:41:56","date_gmt":"2016-07-26T13:41:56","guid":{"rendered":"http:\/\/atlanticsalmon.wpengine.com\/?page_id=9"},"modified":"2026-04-07T15:50:42","modified_gmt":"2026-04-07T18:50:42","slug":"about","status":"publish","type":"page","link":"https:\/\/www.salmonconservation.ca\/fr\/about\/","title":{"rendered":"Tout sur nous"},"content":{"rendered":"<p><\/p>\n<h3><img loading=\"lazy\" decoding=\"async\" width=\"518\" height=\"413\" class=\"alignright size-full wp-image-2473\" style=\"border-radius: 20px;\" src=\"https:\/\/www.salmonconservation.ca\/wp-content\/uploads\/2021\/08\/NB_Comite-Sauvons-Nos-Rivieres-Neguac.jpg\" alt=\"\" \/><\/h3>\n<h3>Mission<\/h3>\n<p><span style=\"font-weight: 400;\">Promouvoir la cr\u00e9ation d&rsquo;un plus grand nombre de partenariats communautaires de conservation du saumon atlantique sauvage et de son habitat au Canada atlantique et au Qu\u00e9bec.<\/span><\/p>\n<h3>Objectifs<\/h3>\n<ul>\n<li style=\"font-weight: 400;\"><span style=\"font-weight: 400;\">\u00catre une source de financement efficace pour les organismes communautaires b\u00e9n\u00e9voles qui s&#8217;emploient \u00e0 conserver, \u00e0 r\u00e9tablir et \u00e0 prot\u00e9ger le saumon atlantique sauvage et son habitat.<\/span><\/li>\n<li style=\"font-weight: 400;\"><span style=\"font-weight: 400;\">Accro\u00eetre la collaboration et les partenariats entre les gouvernements, les organismes autochtones, les groupes communautaires b\u00e9n\u00e9voles et autres \u00e0 des fins de conservation, de r\u00e9tablissement et de protection du saumon atlantique sauvage et de son habitat.<\/span><\/li>\n<li style=\"font-weight: 400;\"><span style=\"font-weight: 400;\">Promouvoir et am\u00e9liorer la planification et la gestion de la conservation dans les bassins hydrographiques comme base de l&rsquo;utilisation efficace et de l&rsquo;obligation de rendre compte des fonds accessibles pour des projets de conservation du saumon atlantique sauvage.<\/span><\/li>\n<li style=\"font-weight: 400;\"><span style=\"font-weight: 400;\">Accro\u00eetre la sensibilisation et l&rsquo;\u00e9ducation du public, et la recherche concernant la conservation du saumon atlantique sauvage et de son habitat.<\/span><\/li>\n<\/ul>\n<p><\/p>","protected":false},"excerpt":{"rendered":"Mission Promouvoir la cr\u00e9ation d&rsquo;un plus grand nombre de partenariats communautaires de conservation du saumon atlantique sauvage et de son habitat au Canada atlantique et au Qu\u00e9bec. Objectifs \u00catre une source de financement efficace pour les organismes communautaires b\u00e9n\u00e9voles qui s&#8217;emploient \u00e0 conserver, \u00e0 r\u00e9tablir et \u00e0 prot\u00e9ger le saumon atlantique sauvage et son habitat&#8230;. <a class=\"view-article\" href=\"https:\/\/www.salmonconservation.ca\/fr\/about\/\">Read More<\/a>","protected":false},"author":2,"featured_media":0,"parent":0,"menu_order":0,"comment_status":"closed","ping_status":"closed","template":"template-about.php","meta":{"_acf_changed":false,"_monsterinsights_skip_tracking":false,"_monsterinsights_sitenote_active":false,"_monsterinsights_sitenote_note":"","_monsterinsights_sitenote_category":0,"footnotes":"","_links_to":"","_links_to_target":""},"class_list":["post-9","page","type-page","status-publish","hentry"],"acf":[],"yoast_head":"<!-- This site is optimized with the Yoast SEO plugin v26.4 - https:\/\/yoast.com\/wordpress\/plugins\/seo\/ -->\n<title>Tout sur nous - La Fondation pour la conservation du saumon atlantique<\/title>\n<meta name=\"robots\" content=\"index, follow, max-snippet:-1, max-image-preview:large, max-video-preview:-1\" \/>\n<link rel=\"canonical\" href=\"https:\/\/www.salmonconservation.ca\/fr\/about\/\" \/>\n<meta property=\"og:locale\" content=\"fr_FR\" \/>\n<meta property=\"og:type\" content=\"article\" \/>\n<meta property=\"og:title\" content=\"Tout sur nous - La Fondation pour la conservation du saumon atlantique\" \/>\n<meta property=\"og:description\" content=\"Mission Promouvoir la cr\u00e9ation d&rsquo;un plus grand nombre de partenariats communautaires de conservation du saumon atlantique sauvage et de son habitat au Canada atlantique et au Qu\u00e9bec. Objectifs \u00catre une source de financement efficace pour les organismes communautaires b\u00e9n\u00e9voles qui s&#8217;emploient \u00e0 conserver, \u00e0 r\u00e9tablir et \u00e0 prot\u00e9ger le saumon atlantique sauvage et son habitat.... Read More\" \/>\n<meta property=\"og:url\" content=\"https:\/\/www.salmonconservation.ca\/fr\/about\/\" \/>\n<meta property=\"og:site_name\" content=\"La Fondation pour la conservation du saumon atlantique\" \/>\n<meta property=\"article:publisher\" content=\"https:\/\/www.facebook.com\/Atlantic-Salmon-Conservation-Foundation-121337474583089\/?fref=ts\" \/>\n<meta property=\"article:modified_time\" content=\"2026-04-07T18:50:42+00:00\" \/>\n<meta property=\"og:image\" content=\"https:\/\/www.salmonconservation.ca\/wp-content\/uploads\/2021\/08\/NB_Comite-Sauvons-Nos-Rivieres-Neguac.jpg\" \/>\n\t<meta property=\"og:image:width\" content=\"518\" \/>\n\t<meta property=\"og:image:height\" content=\"413\" \/>\n\t<meta property=\"og:image:type\" content=\"image\/jpeg\" \/>\n<meta name=\"twitter:card\" content=\"summary_large_image\" \/>\n<meta name=\"twitter:label1\" content=\"Dur\u00e9e de lecture estim\u00e9e\" \/>\n\t<meta name=\"twitter:data1\" content=\"1 minute\" \/>\n<script type=\"application\/ld+json\" class=\"yoast-schema-graph\">{\"@context\":\"https:\/\/schema.org\",\"@graph\":[{\"@type\":\"WebPage\",\"@id\":\"https:\/\/www.salmonconservation.ca\/fr\/about\/\",\"url\":\"https:\/\/www.salmonconservation.ca\/fr\/about\/\",\"name\":\"Tout sur nous - La Fondation pour la conservation du saumon atlantique\",\"isPartOf\":{\"@id\":\"https:\/\/www.salmonconservation.ca\/fr\/#website\"},\"primaryImageOfPage\":{\"@id\":\"https:\/\/www.salmonconservation.ca\/fr\/about\/#primaryimage\"},\"image\":{\"@id\":\"https:\/\/www.salmonconservation.ca\/about\/#primaryimage\"},\"thumbnailUrl\":\"https:\/\/www.salmonconservation.ca\/wp-content\/uploads\/2021\/08\/NB_Comite-Sauvons-Nos-Rivieres-Neguac.jpg\",\"datePublished\":\"2016-07-26T13:41:56+00:00\",\"dateModified\":\"2026-04-07T18:50:42+00:00\",\"breadcrumb\":{\"@id\":\"https:\/\/www.salmonconservation.ca\/fr\/about\/#breadcrumb\"},\"inLanguage\":\"fr-FR\",\"potentialAction\":[{\"@type\":\"ReadAction\",\"target\":[[\"https:\/\/www.salmonconservation.ca\/fr\/about\/\"]]}]},{\"@type\":\"ImageObject\",\"inLanguage\":\"fr-FR\",\"@id\":\"https:\/\/www.salmonconservation.ca\/fr\/about\/#primaryimage\",\"url\":\"https:\/\/www.salmonconservation.ca\/wp-content\/uploads\/2021\/08\/NB_Comite-Sauvons-Nos-Rivieres-Neguac.jpg\",\"contentUrl\":\"https:\/\/www.salmonconservation.ca\/wp-content\/uploads\/2021\/08\/NB_Comite-Sauvons-Nos-Rivieres-Neguac.jpg\"},{\"@type\":\"BreadcrumbList\",\"@id\":\"https:\/\/www.salmonconservation.ca\/fr\/about\/#breadcrumb\",\"itemListElement\":[{\"@type\":\"ListItem\",\"position\":1,\"name\":\"Home\",\"item\":\"https:\/\/www.salmonconservation.ca\/fr\/\"},{\"@type\":\"ListItem\",\"position\":2,\"name\":\"About Us\"}]},{\"@type\":\"WebSite\",\"@id\":\"https:\/\/www.salmonconservation.ca\/fr\/#website\",\"url\":\"https:\/\/www.salmonconservation.ca\/fr\/\",\"name\":\"La Fondation pour la conservation du saumon atlantique\",\"description\":\"(English) Foundation Atlantic salmon conservation\",\"potentialAction\":[{\"@type\":\"SearchAction\",\"target\":{\"@type\":\"EntryPoint\",\"urlTemplate\":\"https:\/\/www.salmonconservation.ca\/fr\/?s={search_term_string}\"},\"query-input\":{\"@type\":\"PropertyValueSpecification\",\"valueRequired\":true,\"valueName\":\"search_term_string\"}}],\"inLanguage\":\"fr-FR\"}]}<\/script>\n<!-- \/ Yoast SEO plugin. -->","yoast_head_json":{"title":"Tout sur nous - La Fondation pour la conservation du saumon atlantique","robots":{"index":"index","follow":"follow","max-snippet":"max-snippet:-1","max-image-preview":"max-image-preview:large","max-video-preview":"max-video-preview:-1"},"canonical":"https:\/\/www.salmonconservation.ca\/fr\/about\/","og_locale":"fr_FR","og_type":"article","og_title":"Tout sur nous - La Fondation pour la conservation du saumon atlantique","og_description":"Mission Promouvoir la cr\u00e9ation d&rsquo;un plus grand nombre de partenariats communautaires de conservation du saumon atlantique sauvage et de son habitat au Canada atlantique et au Qu\u00e9bec. Objectifs \u00catre une source de financement efficace pour les organismes communautaires b\u00e9n\u00e9voles qui s&#8217;emploient \u00e0 conserver, \u00e0 r\u00e9tablir et \u00e0 prot\u00e9ger le saumon atlantique sauvage et son habitat.... Read More","og_url":"https:\/\/www.salmonconservation.ca\/fr\/about\/","og_site_name":"La Fondation pour la conservation du saumon atlantique","article_publisher":"https:\/\/www.facebook.com\/Atlantic-Salmon-Conservation-Foundation-121337474583089\/?fref=ts","article_modified_time":"2026-04-07T18:50:42+00:00","og_image":[{"width":518,"height":413,"url":"https:\/\/www.salmonconservation.ca\/wp-content\/uploads\/2021\/08\/NB_Comite-Sauvons-Nos-Rivieres-Neguac.jpg","type":"image\/jpeg"}],"twitter_card":"summary_large_image","twitter_misc":{"Dur\u00e9e de lecture estim\u00e9e":"1 minute"},"schema":{"@context":"https:\/\/schema.org","@graph":[{"@type":"WebPage","@id":"https:\/\/www.salmonconservation.ca\/fr\/about\/","url":"https:\/\/www.salmonconservation.ca\/fr\/about\/","name":"Tout sur nous - La Fondation pour la conservation du saumon atlantique","isPartOf":{"@id":"https:\/\/www.salmonconservation.ca\/fr\/#website"},"primaryImageOfPage":{"@id":"https:\/\/www.salmonconservation.ca\/fr\/about\/#primaryimage"},"image":{"@id":"https:\/\/www.salmonconservation.ca\/about\/#primaryimage"},"thumbnailUrl":"https:\/\/www.salmonconservation.ca\/wp-content\/uploads\/2021\/08\/NB_Comite-Sauvons-Nos-Rivieres-Neguac.jpg","datePublished":"2016-07-26T13:41:56+00:00","dateModified":"2026-04-07T18:50:42+00:00","breadcrumb":{"@id":"https:\/\/www.salmonconservation.ca\/fr\/about\/#breadcrumb"},"inLanguage":"fr-FR","potentialAction":[{"@type":"ReadAction","target":[["https:\/\/www.salmonconservation.ca\/fr\/about\/"]]}]},{"@type":"ImageObject","inLanguage":"fr-FR","@id":"https:\/\/www.salmonconservation.ca\/fr\/about\/#primaryimage","url":"https:\/\/www.salmonconservation.ca\/wp-content\/uploads\/2021\/08\/NB_Comite-Sauvons-Nos-Rivieres-Neguac.jpg","contentUrl":"https:\/\/www.salmonconservation.ca\/wp-content\/uploads\/2021\/08\/NB_Comite-Sauvons-Nos-Rivieres-Neguac.jpg"},{"@type":"BreadcrumbList","@id":"https:\/\/www.salmonconservation.ca\/fr\/about\/#breadcrumb","itemListElement":[{"@type":"ListItem","position":1,"name":"Home","item":"https:\/\/www.salmonconservation.ca\/fr\/"},{"@type":"ListItem","position":2,"name":"About Us"}]},{"@type":"WebSite","@id":"https:\/\/www.salmonconservation.ca\/fr\/#website","url":"https:\/\/www.salmonconservation.ca\/fr\/","name":"La Fondation pour la conservation du saumon atlantique","description":"(English) Foundation Atlantic salmon conservation","potentialAction":[{"@type":"SearchAction","target":{"@type":"EntryPoint","urlTemplate":"https:\/\/www.salmonconservation.ca\/fr\/?s={search_term_string}"},"query-input":{"@type":"PropertyValueSpecification","valueRequired":true,"valueName":"search_term_string"}}],"inLanguage":"fr-FR"}]}},"_links":{"self":[{"href":"https:\/\/www.salmonconservation.ca\/fr\/wp-json\/wp\/v2\/pages\/9","targetHints":{"allow":["GET"]}}],"collection":[{"href":"https:\/\/www.salmonconservation.ca\/fr\/wp-json\/wp\/v2\/pages"}],"about":[{"href":"https:\/\/www.salmonconservation.ca\/fr\/wp-json\/wp\/v2\/types\/page"}],"author":[{"embeddable":true,"href":"https:\/\/www.salmonconservation.ca\/fr\/wp-json\/wp\/v2\/users\/2"}],"replies":[{"embeddable":true,"href":"https:\/\/www.salmonconservation.ca\/fr\/wp-json\/wp\/v2\/comments?post=9"}],"version-history":[{"count":0,"href":"https:\/\/www.salmonconservation.ca\/fr\/wp-json\/wp\/v2\/pages\/9\/revisions"}],"wp:attachment":[{"href":"https:\/\/www.salmonconservation.ca\/fr\/wp-json\/wp\/v2\/media?parent=9"}],"curies":[{"name":"wp","href":"https:\/\/api.w.org\/{rel}","templated":true}]}}