{"id":3529,"date":"2024-08-02T11:12:38","date_gmt":"2024-08-02T14:12:38","guid":{"rendered":"https:\/\/www.salmonconservation.ca\/?page_id=3529"},"modified":"2025-10-16T10:21:50","modified_gmt":"2025-10-16T13:21:50","slug":"provincial-funding","status":"publish","type":"page","link":"https:\/\/www.salmonconservation.ca\/fr\/applications\/provincial-funding\/","title":{"rendered":"Financement provincial"},"content":{"rendered":"<p><b>Formulaires et lignes directrices pour 2026<\/b><\/p>\n<p><strong><a href=\"https:\/\/www.salmonconservation.ca\/wp-content\/uploads\/2025\/07\/2026-Admissibilite-et-procedures_F.pdf\">T\u00e9l\u00e9charger le document sur les conditions d&rsquo;Admissibilit\u00e9 et proc\u00e9dures 2026<\/a><\/strong><\/p>\n<p><strong><a href=\"https:\/\/www.salmonconservation.ca\/wp-content\/uploads\/2025\/10\/Demande_2026_F.docx\">T\u00e9l\u00e9charger le formulaire de candidature 2026<\/a><\/strong><\/p>\n<p><strong><a href=\"https:\/\/www.salmonconservation.ca\/wp-content\/uploads\/2024\/07\/Budget_2025_F.xlsx\">T\u00e9l\u00e9charger <\/a><a href=\"https:\/\/www.salmonconservation.ca\/wp-content\/uploads\/2025\/07\/Budget_2026_F.xlsx\">le formulaire de budget 2026<\/a><\/strong><\/p>\n<p><a href=\"https:\/\/www.salmonconservation.ca\/wp-content\/uploads\/2025\/07\/Budget_ECHANTILLON_2026_F.xlsx\"><strong>T\u00e9l\u00e9charger l&rsquo;exemple de budget 2026<\/strong><\/a><\/p>","protected":false},"excerpt":{"rendered":"Formulaires et lignes directrices pour 2026 T\u00e9l\u00e9charger le document sur les conditions d&rsquo;Admissibilit\u00e9 et proc\u00e9dures 2026 T\u00e9l\u00e9charger le formulaire de candidature 2026 T\u00e9l\u00e9charger le formulaire de budget 2026 T\u00e9l\u00e9charger l&rsquo;exemple de budget 2026","protected":false},"author":4,"featured_media":0,"parent":14,"menu_order":0,"comment_status":"closed","ping_status":"closed","template":"template-funding.php","meta":{"_acf_changed":false,"_monsterinsights_skip_tracking":false,"_monsterinsights_sitenote_active":false,"_monsterinsights_sitenote_note":"","_monsterinsights_sitenote_category":0,"footnotes":"","_links_to":"","_links_to_target":""},"class_list":["post-3529","page","type-page","status-publish","hentry"],"acf":[],"yoast_head":"<!-- This site is optimized with the Yoast SEO plugin v26.4 - https:\/\/yoast.com\/wordpress\/plugins\/seo\/ -->\n<title>Financement provincial - La Fondation pour la conservation du saumon atlantique<\/title>\n<meta name=\"robots\" content=\"index, follow, max-snippet:-1, max-image-preview:large, max-video-preview:-1\" \/>\n<link rel=\"canonical\" href=\"https:\/\/www.salmonconservation.ca\/fr\/applications\/provincial-funding\/\" \/>\n<meta property=\"og:locale\" content=\"fr_FR\" \/>\n<meta property=\"og:type\" content=\"article\" \/>\n<meta property=\"og:title\" content=\"Financement provincial - La Fondation pour la conservation du saumon atlantique\" \/>\n<meta property=\"og:description\" content=\"Formulaires et lignes directrices pour 2026 T\u00e9l\u00e9charger le document sur les conditions d&rsquo;Admissibilit\u00e9 et proc\u00e9dures 2026 T\u00e9l\u00e9charger le formulaire de candidature 2026 T\u00e9l\u00e9charger le formulaire de budget 2026 T\u00e9l\u00e9charger l&rsquo;exemple de budget 2026\" \/>\n<meta property=\"og:url\" content=\"https:\/\/www.salmonconservation.ca\/fr\/applications\/provincial-funding\/\" \/>\n<meta property=\"og:site_name\" content=\"La Fondation pour la conservation du saumon atlantique\" \/>\n<meta property=\"article:publisher\" content=\"https:\/\/www.facebook.com\/Atlantic-Salmon-Conservation-Foundation-121337474583089\/?fref=ts\" \/>\n<meta property=\"article:modified_time\" content=\"2025-10-16T13:21:50+00:00\" \/>\n<meta name=\"twitter:card\" content=\"summary_large_image\" \/>\n<meta name=\"twitter:label1\" content=\"Dur\u00e9e de lecture estim\u00e9e\" \/>\n\t<meta name=\"twitter:data1\" content=\"1 minute\" \/>\n<script type=\"application\/ld+json\" class=\"yoast-schema-graph\">{\"@context\":\"https:\/\/schema.org\",\"@graph\":[{\"@type\":\"WebPage\",\"@id\":\"https:\/\/www.salmonconservation.ca\/fr\/applications\/provincial-funding\/\",\"url\":\"https:\/\/www.salmonconservation.ca\/fr\/applications\/provincial-funding\/\",\"name\":\"Financement provincial - La Fondation pour la conservation du saumon atlantique\",\"isPartOf\":{\"@id\":\"https:\/\/www.salmonconservation.ca\/fr\/#website\"},\"datePublished\":\"2024-08-02T14:12:38+00:00\",\"dateModified\":\"2025-10-16T13:21:50+00:00\",\"breadcrumb\":{\"@id\":\"https:\/\/www.salmonconservation.ca\/fr\/applications\/provincial-funding\/#breadcrumb\"},\"inLanguage\":\"fr-FR\",\"potentialAction\":[{\"@type\":\"ReadAction\",\"target\":[[\"https:\/\/www.salmonconservation.ca\/fr\/applications\/provincial-funding\/\"]]}]},{\"@type\":\"BreadcrumbList\",\"@id\":\"https:\/\/www.salmonconservation.ca\/fr\/applications\/provincial-funding\/#breadcrumb\",\"itemListElement\":[{\"@type\":\"ListItem\",\"position\":1,\"name\":\"Home\",\"item\":\"https:\/\/www.salmonconservation.ca\/fr\/\"},{\"@type\":\"ListItem\",\"position\":2,\"name\":\"Fund Your Project\",\"item\":\"https:\/\/www.salmonconservation.ca\/fr\/applications\/\"},{\"@type\":\"ListItem\",\"position\":3,\"name\":\"Provincial Funding\"}]},{\"@type\":\"WebSite\",\"@id\":\"https:\/\/www.salmonconservation.ca\/fr\/#website\",\"url\":\"https:\/\/www.salmonconservation.ca\/fr\/\",\"name\":\"La Fondation pour la conservation du saumon atlantique\",\"description\":\"(English) Foundation Atlantic salmon conservation\",\"potentialAction\":[{\"@type\":\"SearchAction\",\"target\":{\"@type\":\"EntryPoint\",\"urlTemplate\":\"https:\/\/www.salmonconservation.ca\/fr\/?s={search_term_string}\"},\"query-input\":{\"@type\":\"PropertyValueSpecification\",\"valueRequired\":true,\"valueName\":\"search_term_string\"}}],\"inLanguage\":\"fr-FR\"}]}<\/script>\n<!-- \/ Yoast SEO plugin. -->","yoast_head_json":{"title":"Financement provincial - La Fondation pour la conservation du saumon atlantique","robots":{"index":"index","follow":"follow","max-snippet":"max-snippet:-1","max-image-preview":"max-image-preview:large","max-video-preview":"max-video-preview:-1"},"canonical":"https:\/\/www.salmonconservation.ca\/fr\/applications\/provincial-funding\/","og_locale":"fr_FR","og_type":"article","og_title":"Financement provincial - La Fondation pour la conservation du saumon atlantique","og_description":"Formulaires et lignes directrices pour 2026 T\u00e9l\u00e9charger le document sur les conditions d&rsquo;Admissibilit\u00e9 et proc\u00e9dures 2026 T\u00e9l\u00e9charger le formulaire de candidature 2026 T\u00e9l\u00e9charger le formulaire de budget 2026 T\u00e9l\u00e9charger l&rsquo;exemple de budget 2026","og_url":"https:\/\/www.salmonconservation.ca\/fr\/applications\/provincial-funding\/","og_site_name":"La Fondation pour la conservation du saumon atlantique","article_publisher":"https:\/\/www.facebook.com\/Atlantic-Salmon-Conservation-Foundation-121337474583089\/?fref=ts","article_modified_time":"2025-10-16T13:21:50+00:00","twitter_card":"summary_large_image","twitter_misc":{"Dur\u00e9e de lecture estim\u00e9e":"1 minute"},"schema":{"@context":"https:\/\/schema.org","@graph":[{"@type":"WebPage","@id":"https:\/\/www.salmonconservation.ca\/fr\/applications\/provincial-funding\/","url":"https:\/\/www.salmonconservation.ca\/fr\/applications\/provincial-funding\/","name":"Financement provincial - La Fondation pour la conservation du saumon atlantique","isPartOf":{"@id":"https:\/\/www.salmonconservation.ca\/fr\/#website"},"datePublished":"2024-08-02T14:12:38+00:00","dateModified":"2025-10-16T13:21:50+00:00","breadcrumb":{"@id":"https:\/\/www.salmonconservation.ca\/fr\/applications\/provincial-funding\/#breadcrumb"},"inLanguage":"fr-FR","potentialAction":[{"@type":"ReadAction","target":[["https:\/\/www.salmonconservation.ca\/fr\/applications\/provincial-funding\/"]]}]},{"@type":"BreadcrumbList","@id":"https:\/\/www.salmonconservation.ca\/fr\/applications\/provincial-funding\/#breadcrumb","itemListElement":[{"@type":"ListItem","position":1,"name":"Home","item":"https:\/\/www.salmonconservation.ca\/fr\/"},{"@type":"ListItem","position":2,"name":"Fund Your Project","item":"https:\/\/www.salmonconservation.ca\/fr\/applications\/"},{"@type":"ListItem","position":3,"name":"Provincial Funding"}]},{"@type":"WebSite","@id":"https:\/\/www.salmonconservation.ca\/fr\/#website","url":"https:\/\/www.salmonconservation.ca\/fr\/","name":"La Fondation pour la conservation du saumon atlantique","description":"(English) Foundation Atlantic salmon conservation","potentialAction":[{"@type":"SearchAction","target":{"@type":"EntryPoint","urlTemplate":"https:\/\/www.salmonconservation.ca\/fr\/?s={search_term_string}"},"query-input":{"@type":"PropertyValueSpecification","valueRequired":true,"valueName":"search_term_string"}}],"inLanguage":"fr-FR"}]}},"_links":{"self":[{"href":"https:\/\/www.salmonconservation.ca\/fr\/wp-json\/wp\/v2\/pages\/3529","targetHints":{"allow":["GET"]}}],"collection":[{"href":"https:\/\/www.salmonconservation.ca\/fr\/wp-json\/wp\/v2\/pages"}],"about":[{"href":"https:\/\/www.salmonconservation.ca\/fr\/wp-json\/wp\/v2\/types\/page"}],"author":[{"embeddable":true,"href":"https:\/\/www.salmonconservation.ca\/fr\/wp-json\/wp\/v2\/users\/4"}],"replies":[{"embeddable":true,"href":"https:\/\/www.salmonconservation.ca\/fr\/wp-json\/wp\/v2\/comments?post=3529"}],"version-history":[{"count":0,"href":"https:\/\/www.salmonconservation.ca\/fr\/wp-json\/wp\/v2\/pages\/3529\/revisions"}],"up":[{"embeddable":true,"href":"https:\/\/www.salmonconservation.ca\/fr\/wp-json\/wp\/v2\/pages\/14"}],"wp:attachment":[{"href":"https:\/\/www.salmonconservation.ca\/fr\/wp-json\/wp\/v2\/media?parent=3529"}],"curies":[{"name":"wp","href":"https:\/\/api.w.org\/{rel}","templated":true}]}}