{"id":247,"date":"2016-08-23T09:50:37","date_gmt":"2016-08-23T13:50:37","guid":{"rendered":"http:\/\/atlanticsalmon.wpengine.com\/?page_id=247"},"modified":"2026-04-06T15:03:39","modified_gmt":"2026-04-06T18:03:39","slug":"webinar-e","status":"publish","type":"page","link":"https:\/\/www.salmonconservation.ca\/fr\/webinar-e\/","title":{"rendered":"Webinaires"},"content":{"rendered":"<p><\/p>\n<p class=\"xmsonormal\"><i>Les enregistrements des pr\u00e9sentations ant\u00e9rieures de webinaires sont disponibles\u00a0<a href=\"https:\/\/www.youtube.com\/channel\/UC6anNfIoGBWHPGfepqiI7QQ\">ici<\/a><\/i>.<\/p>\n<p class=\"xmsonormal\">La Fondation pour la conservation du saumon atlantique est fi\u00e8re d\u2019annoncer notre prochaine s\u00e9rie de webinaires. Pour vous inscrire, suivez le lien sous chaque titre. La participation \u00e0 cette s\u00e9rie de Webinaires est gratuite et l\u2019acc\u00e8s audio est disponible gr\u00e2ce \u00e0 votre ordinateur (ligne t\u00e9l\u00e9phonique sans frais n\u2019est plus disponible).<\/p>\n<p><em>Vous trouverez ci-dessous des informations sur la traduction simultan\u00e9e.<\/em><\/p>\n<p>&nbsp;<\/p>\n<h1 style=\"text-align: center;\"><strong>Horaire des webinaires de la FCSA<\/strong><\/h1>\n<h1 style=\"text-align: center;\"><strong>2025 \u00e0 2026<\/strong><\/h1>\n<h2><strong><u>2025<\/u><\/strong><\/h2>\n<p><strong>24 SEP \u2013<\/strong> LES SYMBIOSES H\u00d4TE-MICROBES CHEZ LES SALMONID\u00c9S : IMPLICATIONS POUR L\u2019AQUACULTURE ET L\u2019ENSEMENCEMENT. \u2013 Nicolas Derome, Universit\u00e9 Laval<\/p>\n<p><a href=\"https:\/\/www.youtube.com\/watch?v=pnYd0c9Gbeo\">Regardez ici !<\/a><\/p>\n<p>&nbsp;<\/p>\n<p><strong>22 OCT (report\u00e9 du 1 octobre) \u2013 <\/strong>LES P\u00c9RILS DE PR\u00c9DIRE L&rsquo;AVENIR : LE SAUMON ATLANTIQUE ET LA SURVIE MARINE.\u2013 Knut Wiik Vollset, NORCE<\/p>\n<p><a href=\"https:\/\/www.youtube.com\/watch?v=zXxZOZP2X2M&amp;t=35s\">Regardez ici!<\/a><\/p>\n<p><strong>\u00a0<\/strong><\/p>\n<p><strong>12 NOV \u2013 <\/strong>AVANC\u00c9ES R\u00c9CENTES DANS LA MOD\u00c9LISATION DE LA TEMP\u00c9RATURE DANS LES RIVI\u00c8RES \u00c0 SAUMONS ATLANTIQUES. \u2013 Andr\u00e9 St-Hilaire, Institut National de la Recherche Scientifique<\/p>\n<p><a href=\"https:\/\/www.youtube.com\/watch?v=67R6jjjVgOI&amp;t=18s\">Regardez ici!<\/a><\/p>\n<p>&nbsp;<\/p>\n<p><strong>19 NOV \u2013 <\/strong>D\u00c9VELOPPEMENT ET APPLICATIONS DE PROTOCOLES INNOVANTS POUR LA GESTION ET LE SUIVI DU SAUMON ATLANTIQUE. \u2013 Louarn Fauchet, Doctorant \u00e0 l&rsquo;Universit\u00e9 Laval<\/p>\n<p><a href=\"https:\/\/www.youtube.com\/watch?v=vg5QSpnLsjg&amp;t=88s\">Regardez ici!<\/a><\/p>\n<p>&nbsp;<\/p>\n<p><strong>10 D\u00c9C &#8211; <\/strong>WEB TABLE RONDE : RENFORCER LA GESTION DES DONN\u00c9ES POUR LA CONSERVATION DU SAUMON ATLANTIQUE (<em>Co-organis\u00e9e par le Plan Cojoint de recherhce sur le saumon atlantique (PCRSA))<\/em><\/p>\n<p><a href=\"https:\/\/www.youtube.com\/watch?v=eES2JMTpm8c\">Regardez ici!<\/a><\/p>\n<p>&nbsp;<\/p>\n<h2><strong><u>2026<\/u><\/strong><\/h2>\n<p><strong>21 JAN \u2013 PORTRAIT D&rsquo;UN \u00c9TUDIANT<\/strong> [en collaboration avec le Plan conjoint de recherche sur le saumon atlantique [PCRSA]]<\/p>\n<p>VAGUES DE CHALEUR FLUVIALES ET EXTREMES HYDROTHERMIQUES : UNE APPROCHE NON STATIONNAIRE POUR LES RIVIERES A SAUMON\u2013 Ilias Hani, Institut National de la Recherche Scientifique<\/p>\n<p><a href=\"https:\/\/attendee.gotowebinar.com\/register\/4473101823608218461\">https:\/\/attendee.gotowebinar.com\/register\/4473101823608218461<\/a><\/p>\n<p>&nbsp;<\/p>\n<p><strong>4 F\u00c9V \u2013 <\/strong>UTILISATION DE LA G\u00c9NOMIQUE COMPARATIVE ET DE LA TECHNOLOGIE CRISPR POUR LUTTER CONTRE LA R\u00c9SISTANCE DES POUX DE MER CHEZ LE SAUMON ATLANTIQUE \u2013 Mark Fast, Universit\u00e9 de l\u2019\u00cele-du-Prince-\u00c9douard<\/p>\n<p><a href=\"https:\/\/attendee.gotowebinar.com\/register\/3284827721477086557\">https:\/\/attendee.gotowebinar.com\/register\/3284827721477086557<\/a><\/p>\n<p>&nbsp;<\/p>\n<p><strong>11 F\u00c9V \u2013 PORTRAIT D&rsquo;UN \u00c9TUDIANT <\/strong>[en collaboration avec le Plan conjoint de recherche sur le saumon atlantique [PCRSA]]<\/p>\n<p>\u00c9VALUATION DES CAUSES DU D\u00c9CLIN DU SAUMON ATLANTIQUE AU CAP-BRETON ET DE L&rsquo;EFFICACIT\u00c9 DU PROGRAMME DE SUPPL\u00c9MENTATION DES SMOLTS EN ADULTES (SAS) POUR LA RESTAURATION DES POPULATIONS MENAC\u00c9ES. \u2013 Natalie Koopman, MSc, Dalhousie University<\/p>\n<p><a href=\"https:\/\/attendee.gotowebinar.com\/register\/3886529964504061024\">https:\/\/attendee.gotowebinar.com\/register\/3886529964504061024<\/a><\/p>\n<p>&nbsp;<\/p>\n<p><strong>11 MAR \u2013 PORTRAIT D&rsquo;UN \u00c9TUDIANT <\/strong>[en collaboration avec le Plan conjoint de recherche sur le saumon atlantique [PCRSA]]<\/p>\n<p>\u00c9VALUATION R\u00c9GIONALE DE LA TAILLE CORPORELLE ET DE L&rsquo;UTILISATION DES RESSOURCES DES SMOLTS DE SAUMON ATLANTIQUE (SALMO SALAR) DANS L&rsquo;EST DU CANADA \u2013 Erin McCavour, MSc, University of New Brunswick<\/p>\n<p><a href=\"https:\/\/attendee.gotowebinar.com\/register\/4735145133449508698\">https:\/\/attendee.gotowebinar.com\/register\/4735145133449508698<\/a><\/p>\n<p>&nbsp;<\/p>\n<p><strong>25 MAR \u2013 **ANNUL\u00c9** &#8211; <\/strong>CADRE D&rsquo;EVALUATOIN DE LA VARIABILITE DU CHANGEMENT CLIMATIQUE, INDICE DE FRAGILITE DES BASSINS VERSANTS (WFI). \u2013 Karen Carrilho da Silva Lira, Ph.D, University of New Brunswick, Saint John<\/p>\n<p><a href=\"https:\/\/attendee.gotowebinar.com\/register\/7732009209776832341\">https:\/\/attendee.gotowebinar.com\/register\/7732009209776832341<\/a><\/p>\n<p>&nbsp;<\/p>\n<p><strong>8 AVR \u2013 **ANNUL\u00c9** &#8211; PORTRAIT D&rsquo;UN \u00c9TUDIANT<\/strong> [en collaboration avec le Plan conjoint de recherche sur le saumon atlantique [PCRSA]]<\/p>\n<p>EFFETS DU STRESS THERMIQUE EN EAU DOUCE SUR LE SAUMON ATLANTIQUE.\u2013 Dr. Renata Mazzei, Postdoctorat, Institut National de la Recherche Scientifique<\/p>\n<p><a href=\"https:\/\/attendee.gotowebinar.com\/register\/1600938860003711583\">https:\/\/attendee.gotowebinar.com\/register\/1600938860003711583<\/a><\/p>\n<p>&nbsp;<\/p>\n<p><strong>15 AVR \u2013\u00a0<\/strong>OUTILS DE PLANIFICATION POUR L&rsquo;\u00c9VALUATION DES CONDITIONS DES HABITATS RIVERAINS ET AQUATIQUES \u2013 Corey Dawson, Dalhousie University<\/p>\n<p><a href=\"https:\/\/attendee.gotowebinar.com\/register\/1358086426423308384\">https:\/\/attendee.gotowebinar.com\/register\/1358086426423308384<\/a><\/p>\n<h2><\/h2>\n<h2 style=\"text-align: center;\"><strong><em>Revenez bient\u00f4t pour d\u00e9couvrir d&rsquo;autres webinaires !<\/em><\/strong><\/h2>\n<p>&nbsp;<\/p>\n<p>Note : Apr\u00e8s votre inscription, vous recevrez un e-mail de confirmation contenant des informations sur la participation au webinaire.<\/p>\n<h3><\/h3>\n<h3>La traduction simultan\u00e9e<\/h3>\n<p>Les webinaires seront pr\u00e9sent\u00e9s en anglais (EN) ou en fran\u00e7ais (FR), mais vous pouvez d\u00e9sormais utiliser l&rsquo;application \u00ab\u00a0<strong>Interprefy<\/strong>\u00a0\u00bb pour traduire simultan\u00e9ment un webinaire pendant que vous le regardez.\u00a0 Dans la mesure du possible, la p\u00e9riode de questions sera bilingue.<\/p>\n<p>Pour utiliser \u00ab\u00a0<strong>Interprefy<\/strong>\u00ab\u00a0, veuillez suivre les instructions suivantes :<\/p>\n<p><strong>\u00a0 \u00a0 \u00a0Application mobile :<\/strong><\/p>\n<ol>\n<li>T\u00e9l\u00e9chargez et installez l&rsquo;application <strong>Interprefy<\/strong> \u00e0 partir de <strong>l&rsquo;app store<\/strong>.<\/li>\n<li>Entrez votre jeton d&rsquo;\u00e9v\u00e9nement &#8211; atlanticsalmon &#8211; et cliquez sur \u00ab\u00a0connecter\u00a0\u00bb<\/li>\n<li>Pour acc\u00e9der \u00e0 la traduction audio, cliquez sur l&rsquo;ic\u00f4ne du casque et choisissez la langue appropri\u00e9e.<\/li>\n<\/ol>\n<p><strong>\u00a0 \u00a0 \u00a0Utilisateurs de navigateurs web : <\/strong><\/p>\n<ol>\n<li>Ouvrir le lien d&rsquo;interpr\u00e9tation https:\/\/interpret.world\/loginlink?token=atlanticsalmon<\/li>\n<li>Le lien ouvrira une nouvelle fen\u00eatre de navigateur dans laquelle vous pourrez \u00e9galement choisir d&rsquo;afficher les sous-titres.<\/li>\n<li>Si vous souhaitez une traduction audio, activez le bouton \u00ab\u00a0Audio\u00a0\u00bb et choisissez la langue appropri\u00e9e.<\/li>\n<li>Si vous souhaitez voir les sous-titres (cc), activez le bouton \u00ab\u00a0Captions\u00a0\u00bb et choisissez la langue appropri\u00e9e.<\/li>\n<li>Retournez au lien de l&rsquo;\u00e9v\u00e9nement et coupez le son de la vid\u00e9o.<\/li>\n<\/ol>\n<p><\/p>","protected":false},"excerpt":{"rendered":"Les enregistrements des pr\u00e9sentations ant\u00e9rieures de webinaires sont disponibles\u00a0ici. La Fondation pour la conservation du saumon atlantique est fi\u00e8re d\u2019annoncer notre prochaine s\u00e9rie de webinaires. Pour vous inscrire, suivez le lien sous chaque titre. La participation \u00e0 cette s\u00e9rie de Webinaires est gratuite et l\u2019acc\u00e8s audio est disponible gr\u00e2ce \u00e0 votre ordinateur (ligne t\u00e9l\u00e9phonique sans&#8230; <a class=\"view-article\" href=\"https:\/\/www.salmonconservation.ca\/fr\/webinar-e\/\">Read More<\/a>","protected":false},"author":2,"featured_media":0,"parent":0,"menu_order":0,"comment_status":"closed","ping_status":"closed","template":"","meta":{"_acf_changed":false,"_monsterinsights_skip_tracking":false,"_monsterinsights_sitenote_active":false,"_monsterinsights_sitenote_note":"","_monsterinsights_sitenote_category":0,"footnotes":"","_links_to":"","_links_to_target":""},"class_list":["post-247","page","type-page","status-publish","hentry"],"acf":[],"yoast_head":"<!-- This site is optimized with the Yoast SEO plugin v26.4 - https:\/\/yoast.com\/wordpress\/plugins\/seo\/ -->\n<title>Webinaires - La Fondation pour la conservation du saumon atlantique<\/title>\n<meta name=\"robots\" content=\"index, follow, max-snippet:-1, max-image-preview:large, max-video-preview:-1\" \/>\n<link rel=\"canonical\" href=\"https:\/\/www.salmonconservation.ca\/fr\/webinar-e\/\" \/>\n<meta property=\"og:locale\" content=\"fr_FR\" \/>\n<meta property=\"og:type\" content=\"article\" \/>\n<meta property=\"og:title\" content=\"Webinaires - La Fondation pour la conservation du saumon atlantique\" \/>\n<meta property=\"og:description\" content=\"Les enregistrements des pr\u00e9sentations ant\u00e9rieures de webinaires sont disponibles\u00a0ici. La Fondation pour la conservation du saumon atlantique est fi\u00e8re d\u2019annoncer notre prochaine s\u00e9rie de webinaires. Pour vous inscrire, suivez le lien sous chaque titre. La participation \u00e0 cette s\u00e9rie de Webinaires est gratuite et l\u2019acc\u00e8s audio est disponible gr\u00e2ce \u00e0 votre ordinateur (ligne t\u00e9l\u00e9phonique sans... Read More\" \/>\n<meta property=\"og:url\" content=\"https:\/\/www.salmonconservation.ca\/fr\/webinar-e\/\" \/>\n<meta property=\"og:site_name\" content=\"La Fondation pour la conservation du saumon atlantique\" \/>\n<meta property=\"article:publisher\" content=\"https:\/\/www.facebook.com\/Atlantic-Salmon-Conservation-Foundation-121337474583089\/?fref=ts\" \/>\n<meta property=\"article:modified_time\" content=\"2026-04-06T18:03:39+00:00\" \/>\n<meta name=\"twitter:card\" content=\"summary_large_image\" \/>\n<meta name=\"twitter:label1\" content=\"Dur\u00e9e de lecture estim\u00e9e\" \/>\n\t<meta name=\"twitter:data1\" content=\"3 minutes\" \/>\n<script type=\"application\/ld+json\" class=\"yoast-schema-graph\">{\"@context\":\"https:\/\/schema.org\",\"@graph\":[{\"@type\":\"WebPage\",\"@id\":\"https:\/\/www.salmonconservation.ca\/fr\/webinar-e\/\",\"url\":\"https:\/\/www.salmonconservation.ca\/fr\/webinar-e\/\",\"name\":\"Webinaires - La Fondation pour la conservation du saumon atlantique\",\"isPartOf\":{\"@id\":\"https:\/\/www.salmonconservation.ca\/fr\/#website\"},\"datePublished\":\"2016-08-23T13:50:37+00:00\",\"dateModified\":\"2026-04-06T18:03:39+00:00\",\"breadcrumb\":{\"@id\":\"https:\/\/www.salmonconservation.ca\/fr\/webinar-e\/#breadcrumb\"},\"inLanguage\":\"fr-FR\",\"potentialAction\":[{\"@type\":\"ReadAction\",\"target\":[[\"https:\/\/www.salmonconservation.ca\/fr\/webinar-e\/\"]]}]},{\"@type\":\"BreadcrumbList\",\"@id\":\"https:\/\/www.salmonconservation.ca\/fr\/webinar-e\/#breadcrumb\",\"itemListElement\":[{\"@type\":\"ListItem\",\"position\":1,\"name\":\"Home\",\"item\":\"https:\/\/www.salmonconservation.ca\/fr\/\"},{\"@type\":\"ListItem\",\"position\":2,\"name\":\"Webinar\"}]},{\"@type\":\"WebSite\",\"@id\":\"https:\/\/www.salmonconservation.ca\/fr\/#website\",\"url\":\"https:\/\/www.salmonconservation.ca\/fr\/\",\"name\":\"La Fondation pour la conservation du saumon atlantique\",\"description\":\"(English) Foundation Atlantic salmon conservation\",\"potentialAction\":[{\"@type\":\"SearchAction\",\"target\":{\"@type\":\"EntryPoint\",\"urlTemplate\":\"https:\/\/www.salmonconservation.ca\/fr\/?s={search_term_string}\"},\"query-input\":{\"@type\":\"PropertyValueSpecification\",\"valueRequired\":true,\"valueName\":\"search_term_string\"}}],\"inLanguage\":\"fr-FR\"}]}<\/script>\n<!-- \/ Yoast SEO plugin. -->","yoast_head_json":{"title":"Webinaires - La Fondation pour la conservation du saumon atlantique","robots":{"index":"index","follow":"follow","max-snippet":"max-snippet:-1","max-image-preview":"max-image-preview:large","max-video-preview":"max-video-preview:-1"},"canonical":"https:\/\/www.salmonconservation.ca\/fr\/webinar-e\/","og_locale":"fr_FR","og_type":"article","og_title":"Webinaires - La Fondation pour la conservation du saumon atlantique","og_description":"Les enregistrements des pr\u00e9sentations ant\u00e9rieures de webinaires sont disponibles\u00a0ici. La Fondation pour la conservation du saumon atlantique est fi\u00e8re d\u2019annoncer notre prochaine s\u00e9rie de webinaires. Pour vous inscrire, suivez le lien sous chaque titre. La participation \u00e0 cette s\u00e9rie de Webinaires est gratuite et l\u2019acc\u00e8s audio est disponible gr\u00e2ce \u00e0 votre ordinateur (ligne t\u00e9l\u00e9phonique sans... Read More","og_url":"https:\/\/www.salmonconservation.ca\/fr\/webinar-e\/","og_site_name":"La Fondation pour la conservation du saumon atlantique","article_publisher":"https:\/\/www.facebook.com\/Atlantic-Salmon-Conservation-Foundation-121337474583089\/?fref=ts","article_modified_time":"2026-04-06T18:03:39+00:00","twitter_card":"summary_large_image","twitter_misc":{"Dur\u00e9e de lecture estim\u00e9e":"3 minutes"},"schema":{"@context":"https:\/\/schema.org","@graph":[{"@type":"WebPage","@id":"https:\/\/www.salmonconservation.ca\/fr\/webinar-e\/","url":"https:\/\/www.salmonconservation.ca\/fr\/webinar-e\/","name":"Webinaires - La Fondation pour la conservation du saumon atlantique","isPartOf":{"@id":"https:\/\/www.salmonconservation.ca\/fr\/#website"},"datePublished":"2016-08-23T13:50:37+00:00","dateModified":"2026-04-06T18:03:39+00:00","breadcrumb":{"@id":"https:\/\/www.salmonconservation.ca\/fr\/webinar-e\/#breadcrumb"},"inLanguage":"fr-FR","potentialAction":[{"@type":"ReadAction","target":[["https:\/\/www.salmonconservation.ca\/fr\/webinar-e\/"]]}]},{"@type":"BreadcrumbList","@id":"https:\/\/www.salmonconservation.ca\/fr\/webinar-e\/#breadcrumb","itemListElement":[{"@type":"ListItem","position":1,"name":"Home","item":"https:\/\/www.salmonconservation.ca\/fr\/"},{"@type":"ListItem","position":2,"name":"Webinar"}]},{"@type":"WebSite","@id":"https:\/\/www.salmonconservation.ca\/fr\/#website","url":"https:\/\/www.salmonconservation.ca\/fr\/","name":"La Fondation pour la conservation du saumon atlantique","description":"(English) Foundation Atlantic salmon conservation","potentialAction":[{"@type":"SearchAction","target":{"@type":"EntryPoint","urlTemplate":"https:\/\/www.salmonconservation.ca\/fr\/?s={search_term_string}"},"query-input":{"@type":"PropertyValueSpecification","valueRequired":true,"valueName":"search_term_string"}}],"inLanguage":"fr-FR"}]}},"_links":{"self":[{"href":"https:\/\/www.salmonconservation.ca\/fr\/wp-json\/wp\/v2\/pages\/247","targetHints":{"allow":["GET"]}}],"collection":[{"href":"https:\/\/www.salmonconservation.ca\/fr\/wp-json\/wp\/v2\/pages"}],"about":[{"href":"https:\/\/www.salmonconservation.ca\/fr\/wp-json\/wp\/v2\/types\/page"}],"author":[{"embeddable":true,"href":"https:\/\/www.salmonconservation.ca\/fr\/wp-json\/wp\/v2\/users\/2"}],"replies":[{"embeddable":true,"href":"https:\/\/www.salmonconservation.ca\/fr\/wp-json\/wp\/v2\/comments?post=247"}],"version-history":[{"count":0,"href":"https:\/\/www.salmonconservation.ca\/fr\/wp-json\/wp\/v2\/pages\/247\/revisions"}],"wp:attachment":[{"href":"https:\/\/www.salmonconservation.ca\/fr\/wp-json\/wp\/v2\/media?parent=247"}],"curies":[{"name":"wp","href":"https:\/\/api.w.org\/{rel}","templated":true}]}}