{"id":14,"date":"2016-07-26T09:43:22","date_gmt":"2016-07-26T13:43:22","guid":{"rendered":"http:\/\/atlanticsalmon.wpengine.com\/?page_id=14"},"modified":"2026-04-06T13:50:08","modified_gmt":"2026-04-06T16:50:08","slug":"applications","status":"publish","type":"page","link":"https:\/\/www.salmonconservation.ca\/fr\/applications\/","title":{"rendered":"Financez votre projet"},"content":{"rendered":"<p>La Fondation pour la conservation du saumon atlantique (FCSA) est un organisme ind\u00e9pendant, sans but lucratif, constitu\u00e9 en vertu des lois f\u00e9d\u00e9rales. Elle a \u00e9t\u00e9 mise sur pied gr\u00e2ce \u00e0 une subvention non renouvelable de 30 millions de dollars du gouvernement du Canada. Les revenus de placement de ce capital serviront \u00e0\u00a0 appuyer des activit\u00e9s li\u00e9es \u00e0 la conservation du saumon atlantique sauvage et de son habitat.<\/p>\n<p>La Fondation a pour mission de contribuer \u00e0 la constitution de stocks sains et durables de saumon sauvage de l&rsquo;Atlantique au Canada atlantique et au Qu\u00e9bec, au moyen de partenariats notamment entre les groupes b\u00e9n\u00e9voles de conservation, les organismes autochtones et les gouvernements.<\/p>\n<div class=\"fund-box\">\n<div class=\"fund-cell\">\n<div class=\"fund-text\">\n<h1 style=\"text-align: center; font-size: 24px;\"><strong>Financement provincial<\/strong><\/h1>\n<p>Les organisations du Canada atlantique et du Qu\u00e9bec qui souhaitent demander un financement de 2026 pour un projet de conservation du saumon atlantique peuvent maintenant pr\u00e9senter une demande. Les types d&rsquo;organisations suivants peuvent pr\u00e9senter une demande :<\/p>\n<ul>\n<li>Organismes non gouvernementaux (par ex. organismes communautaires de conservation, regroupements coop\u00e9ratifs, organismes de bassins versants, etc.)<\/li>\n<li>Municipalit\u00e9s<\/li>\n<li>\u00c9tablissements d\u2019enseignement<\/li>\n<li>Organismes autochtones<\/li>\n<\/ul>\n<p style=\"text-align: center;\"><strong>Ferm\u00e9<\/strong><\/p>\n<p><strong><a href=\"https:\/\/www.salmonconservation.ca\/fr\/applications\/provincial-funding\/\">Pour plus d&rsquo;informations, cliquez ici.<\/a><\/strong><\/p>\n<\/div>\n<\/div>\n<div class=\"fund-cell\">\n<div class=\"fund-text\">\n<h1 style=\"text-align: center; font-size: 24px;\"><strong>Demande de proposition : Recherche scientifique appliqu\u00e9e*<\/strong><\/h1>\n<p>Projet(s) de recherche appliqu\u00e9e* sur des sujets sp\u00e9cifiques qui contribueront \u00e0 l&rsquo;obtention de stocks de saumon sains et durables au Qu\u00e9bec et au Canada atlantique.<\/p>\n<p><strong><em>*<\/em>Le FCSA d\u00e9finit la recherche appliqu\u00e9e<\/strong> comme un travail visant \u00e0 g\u00e9n\u00e9rer de nouvelles connaissances qui r\u00e9pondent directement \u00e0 un probl\u00e8me ou \u00e0 un objectif sp\u00e9cifique et pratique. Elle utilise des m\u00e9thodes scientifiques pour produire des r\u00e9sultats qui peuvent faire progresser les connaissances scientifiques et\/ou \u00eatre appliqu\u00e9s \u00e0 des situations r\u00e9elles.<\/p>\n<p>Les projets de recherche appliqu\u00e9e peuvent \u00eatre men\u00e9s dans n&rsquo;importe quelle province.<\/p>\n<p style=\"text-align: center;\"><strong>DATE LIMITE : 5 juin 2026 \u00e0 17h00 (HNE)<\/strong><\/p>\n<p><strong><a href=\"https:\/\/www.salmonconservation.ca\/applications\/request-for-proposals-rfp\/\">Pour plus d&rsquo;informations, cliquez ici.<\/a><\/strong><\/p>\n<\/div>\n<\/div>\n<\/div>\n<hr \/>\n<p><\/p>","protected":false},"excerpt":{"rendered":"La Fondation pour la conservation du saumon atlantique (FCSA) est un organisme ind\u00e9pendant, sans but lucratif, constitu\u00e9 en vertu des lois f\u00e9d\u00e9rales. Elle a \u00e9t\u00e9 mise sur pied gr\u00e2ce \u00e0 une subvention non renouvelable de 30 millions de dollars du gouvernement du Canada. Les revenus de placement de ce capital serviront \u00e0\u00a0 appuyer des activit\u00e9s&#8230; <a class=\"view-article\" href=\"https:\/\/www.salmonconservation.ca\/fr\/applications\/\">Read More<\/a>","protected":false},"author":2,"featured_media":0,"parent":0,"menu_order":0,"comment_status":"closed","ping_status":"closed","template":"","meta":{"_acf_changed":false,"_monsterinsights_skip_tracking":false,"_monsterinsights_sitenote_active":false,"_monsterinsights_sitenote_note":"","_monsterinsights_sitenote_category":0,"footnotes":"","_links_to":"","_links_to_target":""},"class_list":["post-14","page","type-page","status-publish","hentry"],"acf":[],"yoast_head":"<!-- This site is optimized with the Yoast SEO plugin v26.4 - https:\/\/yoast.com\/wordpress\/plugins\/seo\/ -->\n<title>Financez votre projet - La Fondation pour la conservation du saumon atlantique<\/title>\n<meta name=\"robots\" content=\"index, follow, max-snippet:-1, max-image-preview:large, max-video-preview:-1\" \/>\n<link rel=\"canonical\" href=\"https:\/\/www.salmonconservation.ca\/fr\/applications\/\" \/>\n<meta property=\"og:locale\" content=\"fr_FR\" \/>\n<meta property=\"og:type\" content=\"article\" \/>\n<meta property=\"og:title\" content=\"Financez votre projet - La Fondation pour la conservation du saumon atlantique\" \/>\n<meta property=\"og:description\" content=\"La Fondation pour la conservation du saumon atlantique (FCSA) est un organisme ind\u00e9pendant, sans but lucratif, constitu\u00e9 en vertu des lois f\u00e9d\u00e9rales. Elle a \u00e9t\u00e9 mise sur pied gr\u00e2ce \u00e0 une subvention non renouvelable de 30 millions de dollars du gouvernement du Canada. Les revenus de placement de ce capital serviront \u00e0\u00a0 appuyer des activit\u00e9s... Read More\" \/>\n<meta property=\"og:url\" content=\"https:\/\/www.salmonconservation.ca\/fr\/applications\/\" \/>\n<meta property=\"og:site_name\" content=\"La Fondation pour la conservation du saumon atlantique\" \/>\n<meta property=\"article:publisher\" content=\"https:\/\/www.facebook.com\/Atlantic-Salmon-Conservation-Foundation-121337474583089\/?fref=ts\" \/>\n<meta property=\"article:modified_time\" content=\"2026-04-06T16:50:08+00:00\" \/>\n<meta name=\"twitter:card\" content=\"summary_large_image\" \/>\n<meta name=\"twitter:label1\" content=\"Dur\u00e9e de lecture estim\u00e9e\" \/>\n\t<meta name=\"twitter:data1\" content=\"2 minutes\" \/>\n<script type=\"application\/ld+json\" class=\"yoast-schema-graph\">{\"@context\":\"https:\/\/schema.org\",\"@graph\":[{\"@type\":\"WebPage\",\"@id\":\"https:\/\/www.salmonconservation.ca\/fr\/applications\/\",\"url\":\"https:\/\/www.salmonconservation.ca\/fr\/applications\/\",\"name\":\"Financez votre projet - La Fondation pour la conservation du saumon atlantique\",\"isPartOf\":{\"@id\":\"https:\/\/www.salmonconservation.ca\/fr\/#website\"},\"datePublished\":\"2016-07-26T13:43:22+00:00\",\"dateModified\":\"2026-04-06T16:50:08+00:00\",\"breadcrumb\":{\"@id\":\"https:\/\/www.salmonconservation.ca\/fr\/applications\/#breadcrumb\"},\"inLanguage\":\"fr-FR\",\"potentialAction\":[{\"@type\":\"ReadAction\",\"target\":[[\"https:\/\/www.salmonconservation.ca\/fr\/applications\/\"]]}]},{\"@type\":\"BreadcrumbList\",\"@id\":\"https:\/\/www.salmonconservation.ca\/fr\/applications\/#breadcrumb\",\"itemListElement\":[{\"@type\":\"ListItem\",\"position\":1,\"name\":\"Home\",\"item\":\"https:\/\/www.salmonconservation.ca\/fr\/\"},{\"@type\":\"ListItem\",\"position\":2,\"name\":\"Fund Your Project\"}]},{\"@type\":\"WebSite\",\"@id\":\"https:\/\/www.salmonconservation.ca\/fr\/#website\",\"url\":\"https:\/\/www.salmonconservation.ca\/fr\/\",\"name\":\"La Fondation pour la conservation du saumon atlantique\",\"description\":\"(English) Foundation Atlantic salmon conservation\",\"potentialAction\":[{\"@type\":\"SearchAction\",\"target\":{\"@type\":\"EntryPoint\",\"urlTemplate\":\"https:\/\/www.salmonconservation.ca\/fr\/?s={search_term_string}\"},\"query-input\":{\"@type\":\"PropertyValueSpecification\",\"valueRequired\":true,\"valueName\":\"search_term_string\"}}],\"inLanguage\":\"fr-FR\"}]}<\/script>\n<!-- \/ Yoast SEO plugin. -->","yoast_head_json":{"title":"Financez votre projet - La Fondation pour la conservation du saumon atlantique","robots":{"index":"index","follow":"follow","max-snippet":"max-snippet:-1","max-image-preview":"max-image-preview:large","max-video-preview":"max-video-preview:-1"},"canonical":"https:\/\/www.salmonconservation.ca\/fr\/applications\/","og_locale":"fr_FR","og_type":"article","og_title":"Financez votre projet - La Fondation pour la conservation du saumon atlantique","og_description":"La Fondation pour la conservation du saumon atlantique (FCSA) est un organisme ind\u00e9pendant, sans but lucratif, constitu\u00e9 en vertu des lois f\u00e9d\u00e9rales. Elle a \u00e9t\u00e9 mise sur pied gr\u00e2ce \u00e0 une subvention non renouvelable de 30 millions de dollars du gouvernement du Canada. Les revenus de placement de ce capital serviront \u00e0\u00a0 appuyer des activit\u00e9s... Read More","og_url":"https:\/\/www.salmonconservation.ca\/fr\/applications\/","og_site_name":"La Fondation pour la conservation du saumon atlantique","article_publisher":"https:\/\/www.facebook.com\/Atlantic-Salmon-Conservation-Foundation-121337474583089\/?fref=ts","article_modified_time":"2026-04-06T16:50:08+00:00","twitter_card":"summary_large_image","twitter_misc":{"Dur\u00e9e de lecture estim\u00e9e":"2 minutes"},"schema":{"@context":"https:\/\/schema.org","@graph":[{"@type":"WebPage","@id":"https:\/\/www.salmonconservation.ca\/fr\/applications\/","url":"https:\/\/www.salmonconservation.ca\/fr\/applications\/","name":"Financez votre projet - La Fondation pour la conservation du saumon atlantique","isPartOf":{"@id":"https:\/\/www.salmonconservation.ca\/fr\/#website"},"datePublished":"2016-07-26T13:43:22+00:00","dateModified":"2026-04-06T16:50:08+00:00","breadcrumb":{"@id":"https:\/\/www.salmonconservation.ca\/fr\/applications\/#breadcrumb"},"inLanguage":"fr-FR","potentialAction":[{"@type":"ReadAction","target":[["https:\/\/www.salmonconservation.ca\/fr\/applications\/"]]}]},{"@type":"BreadcrumbList","@id":"https:\/\/www.salmonconservation.ca\/fr\/applications\/#breadcrumb","itemListElement":[{"@type":"ListItem","position":1,"name":"Home","item":"https:\/\/www.salmonconservation.ca\/fr\/"},{"@type":"ListItem","position":2,"name":"Fund Your Project"}]},{"@type":"WebSite","@id":"https:\/\/www.salmonconservation.ca\/fr\/#website","url":"https:\/\/www.salmonconservation.ca\/fr\/","name":"La Fondation pour la conservation du saumon atlantique","description":"(English) Foundation Atlantic salmon conservation","potentialAction":[{"@type":"SearchAction","target":{"@type":"EntryPoint","urlTemplate":"https:\/\/www.salmonconservation.ca\/fr\/?s={search_term_string}"},"query-input":{"@type":"PropertyValueSpecification","valueRequired":true,"valueName":"search_term_string"}}],"inLanguage":"fr-FR"}]}},"_links":{"self":[{"href":"https:\/\/www.salmonconservation.ca\/fr\/wp-json\/wp\/v2\/pages\/14","targetHints":{"allow":["GET"]}}],"collection":[{"href":"https:\/\/www.salmonconservation.ca\/fr\/wp-json\/wp\/v2\/pages"}],"about":[{"href":"https:\/\/www.salmonconservation.ca\/fr\/wp-json\/wp\/v2\/types\/page"}],"author":[{"embeddable":true,"href":"https:\/\/www.salmonconservation.ca\/fr\/wp-json\/wp\/v2\/users\/2"}],"replies":[{"embeddable":true,"href":"https:\/\/www.salmonconservation.ca\/fr\/wp-json\/wp\/v2\/comments?post=14"}],"version-history":[{"count":0,"href":"https:\/\/www.salmonconservation.ca\/fr\/wp-json\/wp\/v2\/pages\/14\/revisions"}],"wp:attachment":[{"href":"https:\/\/www.salmonconservation.ca\/fr\/wp-json\/wp\/v2\/media?parent=14"}],"curies":[{"name":"wp","href":"https:\/\/api.w.org\/{rel}","templated":true}]}}